{"id":5903,"date":"2023-11-20T10:36:58","date_gmt":"2023-11-20T10:36:58","guid":{"rendered":"https:\/\/www.itatami.it\/?page_id=5903"},"modified":"2024-11-21T16:31:28","modified_gmt":"2024-11-21T16:31:28","slug":"privacy-cookies","status":"publish","type":"page","link":"https:\/\/itatami.it\/fr\/privacy-cookies\/","title":{"rendered":"Confidentialit\u00e9 et cookies"},"content":{"rendered":"<div data-elementor-type=\"wp-page\" data-elementor-id=\"5903\" class=\"elementor elementor-5903\" data-elementor-post-type=\"page\">\n\t\t\t\t\t\t<section class=\"elementor-section elementor-top-section elementor-element elementor-element-ec27aa6 elementor-section-boxed elementor-section-height-default elementor-section-height-default\" data-id=\"ec27aa6\" data-element_type=\"section\" data-e-type=\"section\" data-settings=\"{&quot;wdt_bg_image&quot;:{&quot;url&quot;:&quot;&quot;,&quot;id&quot;:&quot;&quot;,&quot;size&quot;:&quot;&quot;},&quot;wdt_bg_image_widescreen&quot;:{&quot;url&quot;:&quot;&quot;,&quot;id&quot;:&quot;&quot;,&quot;size&quot;:&quot;&quot;},&quot;wdt_bg_image_laptop&quot;:{&quot;url&quot;:&quot;&quot;,&quot;id&quot;:&quot;&quot;,&quot;size&quot;:&quot;&quot;},&quot;wdt_bg_image_tablet_extra&quot;:{&quot;url&quot;:&quot;&quot;,&quot;id&quot;:&quot;&quot;,&quot;size&quot;:&quot;&quot;},&quot;wdt_bg_image_tablet&quot;:{&quot;url&quot;:&quot;&quot;,&quot;id&quot;:&quot;&quot;,&quot;size&quot;:&quot;&quot;},&quot;wdt_bg_image_mobile_extra&quot;:{&quot;url&quot;:&quot;&quot;,&quot;id&quot;:&quot;&quot;,&quot;size&quot;:&quot;&quot;},&quot;wdt_bg_image_mobile&quot;:{&quot;url&quot;:&quot;&quot;,&quot;id&quot;:&quot;&quot;,&quot;size&quot;:&quot;&quot;},&quot;wdt_bg_position&quot;:&quot;center center&quot;,&quot;wdt_animation_effect&quot;:&quot;none&quot;}\">\n\t\t\t\t\t\t<div class=\"elementor-container elementor-column-gap-default\">\n\t\t\t\t\t<div class=\"elementor-column elementor-col-100 elementor-top-column elementor-element elementor-element-2ac7fe7\" data-id=\"2ac7fe7\" data-element_type=\"column\" data-e-type=\"column\">\n\t\t\t<div class=\"elementor-widget-wrap elementor-element-populated\">\n\t\t\t\t\t\t<div class=\"elementor-element elementor-element-2f3c394 elementor-widget elementor-widget-heading\" data-id=\"2f3c394\" data-element_type=\"widget\" data-e-type=\"widget\" data-settings=\"{&quot;wdt_animation_effect&quot;:&quot;none&quot;}\" data-widget_type=\"heading.default\">\n\t\t\t\t<div class=\"elementor-widget-container\">\n\t\t\t\t\t<h2 class=\"elementor-heading-title elementor-size-default\">CONFIDENTIALIT\u00c9 ET COOKIES<\/h2>\t\t\t\t<\/div>\n\t\t\t\t<\/div>\n\t\t\t\t<div class=\"elementor-element elementor-element-9c9f673 link elementor-widget elementor-widget-text-editor\" data-id=\"9c9f673\" data-element_type=\"widget\" data-e-type=\"widget\" data-settings=\"{&quot;wdt_animation_effect&quot;:&quot;none&quot;}\" data-widget_type=\"text-editor.default\">\n\t\t\t\t<div class=\"elementor-widget-container\">\n\t\t\t\t\t\t\t\t\t<div style=\"background-color: rgb(255, 255, 255); font-size: 18px;\">Ce document, \u00e9tabli conform\u00e9ment aux dispositions du R\u00e8glement (UE) 2016\/679 relatif \u00e0 la protection des personnes physiques \u00e0 l&#039;\u00e9gard du traitement des donn\u00e9es \u00e0 caract\u00e8re personnel, ainsi qu&#039;\u00e0 la libre circulation de ces donn\u00e9es (\u00ab RGPD \u00bb), contient informations relatives \u00e0 la Protection des Donn\u00e9es Personnelles et aux Cookies (ci-apr\u00e8s le \u00ab<strong style=\"font-size: 18px;\">Politiques de protection des donn\u00e9es<\/strong>\u00bb).<\/div><div style=\"background-color: rgb(255, 255, 255); font-size: 18px;\">Pour toute demande, doute ou question, vous pouvez nous contacter via les coordonn\u00e9es indiqu\u00e9es dans la rubrique CONTACTS de notre Site Internet.<\/div><p style=\"background-color: rgb(255, 255, 255); font-size: 18px;\">&nbsp;<\/p><div style=\"background-color: rgb(255, 255, 255); font-size: 18px;\"><strong style=\"font-size: 18px;\">CONTR\u00d4LEUR DE DONN\u00c9ES<\/strong><\/div><div style=\"background-color: rgb(255, 255, 255); font-size: 18px;\">Le responsable du traitement de vos donn\u00e9es personnelles est iTatami Srl, dont le si\u00e8ge social est situ\u00e9 Piazza Jean Monnet n. 11\/2, 31044 Montebelluna (TV), code fiscal et num\u00e9ro de TVA no. 04486760269, email info@itatami.it.<\/div>\t\t\t\t\t\t\t\t<\/div>\n\t\t\t\t<\/div>\n\t\t\t\t<div class=\"elementor-element elementor-element-5fb1cee elementor-widget elementor-widget-html\" data-id=\"5fb1cee\" data-element_type=\"widget\" data-e-type=\"widget\" data-settings=\"{&quot;wdt_animation_effect&quot;:&quot;none&quot;}\" data-widget_type=\"html.default\">\n\t\t\t\t<div class=\"elementor-widget-container\">\n\t\t\t\t\t<a href=\"https:\/\/www.iubenda.com\/privacy-policy\/77038891\" class=\"iubenda-white iubenda-noiframe iubenda-embed iubenda-noiframe iub-body-embed\" title=\"politique de confidentialit\u00e9\">politique de confidentialit\u00e9<\/a><script type=\"text\/javascript\">(function (w,d) {var loader = function () {var s = d.createElement(\"script\"), tag = d.getElementsByTagName(\"script\")[0]; s.src=\"https:\/\/cdn.iubenda.com\/iubenda.js\"; tag.parentNode.insertBefore(s,tag);}; if(w.addEventListener){w.addEventListener(\"load\", loader, false);}else if(w.attachEvent){w.attachEvent(\"onload\", loader);}else{w.onload = loader;}})(window, document);<\/script>\t\t\t\t<\/div>\n\t\t\t\t<\/div>\n\t\t\t\t<div class=\"elementor-element elementor-element-010124d elementor-widget elementor-widget-html\" data-id=\"010124d\" data-element_type=\"widget\" data-e-type=\"widget\" data-settings=\"{&quot;wdt_animation_effect&quot;:&quot;none&quot;}\" data-widget_type=\"html.default\">\n\t\t\t\t<div class=\"elementor-widget-container\">\n\t\t\t\t\t<a href=\"https:\/\/www.iubenda.com\/privacy-policy\/77038891\/cookie-policy\" class=\"iubenda-white iubenda-noiframe iubenda-embed iubenda-noiframe iub-body-embed\" title=\"Politique en mati\u00e8re de cookies\">Politique en mati\u00e8re de cookies<\/a><script type=\"text\/javascript\">(function (w,d) {var loader = function () {var s = d.createElement(\"script\"), tag = d.getElementsByTagName(\"script\")[0]; s.src=\"https:\/\/cdn.iubenda.com\/iubenda.js\"; tag.parentNode.insertBefore(s,tag);}; if(w.addEventListener){w.addEventListener(\"load\", loader, false);}else if(w.attachEvent){w.attachEvent(\"onload\", loader);}else{w.onload = loader;}})(window, document);<\/script>\t\t\t\t<\/div>\n\t\t\t\t<\/div>\n\t\t\t\t<div class=\"elementor-element elementor-element-61e90e1 elementor-widget elementor-widget-html\" data-id=\"61e90e1\" data-element_type=\"widget\" data-e-type=\"widget\" data-settings=\"{&quot;wdt_animation_effect&quot;:&quot;none&quot;}\" data-widget_type=\"html.default\">\n\t\t\t\t<div class=\"elementor-widget-container\">\n\t\t\t\t\t<a href=\"https:\/\/www.iubenda.com\/termini-e-condizioni\/77038891\" class=\"iubenda-white iubenda-noiframe iubenda-embed iubenda-noiframe iub-body-embed\" title=\"Termes et conditions\">Termes et conditions<\/a><script type=\"text\/javascript\">(function (w,d) {var loader = function () {var s = d.createElement(\"script\"), tag = d.getElementsByTagName(\"script\")[0]; s.src=\"https:\/\/cdn.iubenda.com\/iubenda.js\"; tag.parentNode.insertBefore(s,tag);}; if(w.addEventListener){w.addEventListener(\"load\", loader, false);}else if(w.attachEvent){w.attachEvent(\"onload\", loader);}else{w.onload = loader;}})(window, document);<\/script>\t\t\t\t<\/div>\n\t\t\t\t<\/div>\n\t\t\t\t\t<\/div>\n\t\t<\/div>\n\t\t\t\t\t<\/div>\n\t\t<\/section>\n\t\t\t\t<\/div>","protected":false},"excerpt":{"rendered":"<p>CONFIDENTIALIT\u00c9 ET COOKIES Ce document, \u00e9tabli conform\u00e9ment aux dispositions du R\u00e8glement (UE) 2016\/679 relatif \u00e0 la protection des personnes physiques \u00e0 l&#039;\u00e9gard du traitement des donn\u00e9es \u00e0 caract\u00e8re personnel et \u00e0 la libre circulation de ces donn\u00e9es (\u00ab RGPD \u00bb), contient des informations sur la Protection des Donn\u00e9es Personnelles et les Cookies (ci-apr\u00e8s les \u00ab Politiques de Protection [\u2026]<\/p>","protected":false},"author":1,"featured_media":0,"parent":0,"menu_order":0,"comment_status":"closed","ping_status":"closed","template":"","meta":{"_acf_changed":false,"footnotes":""},"prodotti":[],"class_list":["post-5903","page","type-page","status-publish","hentry"],"acf":[],"yoast_head":"<!-- This site is optimized with the Yoast SEO plugin v27.2 - https:\/\/yoast.com\/product\/yoast-seo-wordpress\/ -->\n<title>Privacy e Cookies - iTatami<\/title>\n<meta name=\"description\" content=\"In questa pagina vengono trattati la privacy e cookies. Ricordiamo di prenderne visione come viene raccomandato dal GDPR.\" \/>\n<meta name=\"robots\" content=\"noindex, nofollow\" \/>\n<meta property=\"og:locale\" content=\"fr_FR\" \/>\n<meta property=\"og:type\" content=\"article\" \/>\n<meta property=\"og:title\" content=\"Privacy e Cookies - iTatami\" \/>\n<meta property=\"og:description\" content=\"In questa pagina vengono trattati la privacy e cookies. Ricordiamo di prenderne visione come viene raccomandato dal GDPR.\" \/>\n<meta property=\"og:url\" content=\"https:\/\/itatami.it\/fr\/privacy-cookies\/\" \/>\n<meta property=\"og:site_name\" content=\"iTatami\" \/>\n<meta property=\"article:modified_time\" content=\"2024-11-21T16:31:28+00:00\" \/>\n<meta property=\"og:image\" content=\"https:\/\/itatami.it\/wp-content\/uploads\/2023\/12\/Immagine-del-sito-iTatami.png\" \/>\n\t<meta property=\"og:image:width\" content=\"1200\" \/>\n\t<meta property=\"og:image:height\" content=\"675\" \/>\n\t<meta property=\"og:image:type\" content=\"image\/png\" \/>\n<meta name=\"twitter:card\" content=\"summary_large_image\" \/>\n<meta name=\"twitter:label1\" content=\"Dur\u00e9e de lecture estim\u00e9e\" \/>\n\t<meta name=\"twitter:data1\" content=\"1 minute\" \/>\n<script type=\"application\/ld+json\" class=\"yoast-schema-graph\">{\"@context\":\"https:\/\/schema.org\",\"@graph\":[{\"@type\":\"WebPage\",\"@id\":\"https:\/\/itatami.it\/privacy-cookies\/\",\"url\":\"https:\/\/itatami.it\/privacy-cookies\/\",\"name\":\"Privacy e Cookies - iTatami\",\"isPartOf\":{\"@id\":\"https:\/\/itatami.it\/#website\"},\"datePublished\":\"2023-11-20T10:36:58+00:00\",\"dateModified\":\"2024-11-21T16:31:28+00:00\",\"description\":\"In questa pagina vengono trattati la privacy e cookies. Ricordiamo di prenderne visione come viene raccomandato dal GDPR.\",\"breadcrumb\":{\"@id\":\"https:\/\/itatami.it\/privacy-cookies\/#breadcrumb\"},\"inLanguage\":\"fr-FR\",\"potentialAction\":[{\"@type\":\"ReadAction\",\"target\":[\"https:\/\/itatami.it\/privacy-cookies\/\"]}]},{\"@type\":\"BreadcrumbList\",\"@id\":\"https:\/\/itatami.it\/privacy-cookies\/#breadcrumb\",\"itemListElement\":[{\"@type\":\"ListItem\",\"position\":1,\"name\":\"Home\",\"item\":\"https:\/\/itatami.it\/\"},{\"@type\":\"ListItem\",\"position\":2,\"name\":\"Privacy e Cookies\"}]},{\"@type\":\"WebSite\",\"@id\":\"https:\/\/itatami.it\/#website\",\"url\":\"https:\/\/itatami.it\/\",\"name\":\"iTatami\",\"description\":\"Produttrice di tatami, materassi e tappeti per sport e Arti Marziali\",\"publisher\":{\"@id\":\"https:\/\/itatami.it\/#organization\"},\"potentialAction\":[{\"@type\":\"SearchAction\",\"target\":{\"@type\":\"EntryPoint\",\"urlTemplate\":\"https:\/\/itatami.it\/?s={search_term_string}\"},\"query-input\":{\"@type\":\"PropertyValueSpecification\",\"valueRequired\":true,\"valueName\":\"search_term_string\"}}],\"inLanguage\":\"fr-FR\"},{\"@type\":\"Organization\",\"@id\":\"https:\/\/itatami.it\/#organization\",\"name\":\"iTatami s.r.l.\",\"url\":\"https:\/\/itatami.it\/\",\"logo\":{\"@type\":\"ImageObject\",\"inLanguage\":\"fr-FR\",\"@id\":\"https:\/\/itatami.it\/#\/schema\/logo\/image\/\",\"url\":\"https:\/\/itatami.it\/wp-content\/uploads\/2023\/12\/Progetto-senza-titolo-3.png\",\"contentUrl\":\"https:\/\/itatami.it\/wp-content\/uploads\/2023\/12\/Progetto-senza-titolo-3.png\",\"width\":100,\"height\":100,\"caption\":\"iTatami s.r.l.\"},\"image\":{\"@id\":\"https:\/\/itatami.it\/#\/schema\/logo\/image\/\"}}]}<\/script>\n<!-- \/ Yoast SEO plugin. -->","yoast_head_json":{"title":"Privacy e Cookies - iTatami","description":"In questa pagina vengono trattati la privacy e cookies. Ricordiamo di prenderne visione come viene raccomandato dal GDPR.","robots":{"index":"noindex","follow":"nofollow"},"og_locale":"fr_FR","og_type":"article","og_title":"Privacy e Cookies - iTatami","og_description":"In questa pagina vengono trattati la privacy e cookies. Ricordiamo di prenderne visione come viene raccomandato dal GDPR.","og_url":"https:\/\/itatami.it\/fr\/privacy-cookies\/","og_site_name":"iTatami","article_modified_time":"2024-11-21T16:31:28+00:00","og_image":[{"width":1200,"height":675,"url":"https:\/\/itatami.it\/wp-content\/uploads\/2023\/12\/Immagine-del-sito-iTatami.png","type":"image\/png"}],"twitter_card":"summary_large_image","twitter_misc":{"Dur\u00e9e de lecture estim\u00e9e":"1 minute"},"schema":{"@context":"https:\/\/schema.org","@graph":[{"@type":"WebPage","@id":"https:\/\/itatami.it\/privacy-cookies\/","url":"https:\/\/itatami.it\/privacy-cookies\/","name":"Privacy e Cookies - iTatami","isPartOf":{"@id":"https:\/\/itatami.it\/#website"},"datePublished":"2023-11-20T10:36:58+00:00","dateModified":"2024-11-21T16:31:28+00:00","description":"In questa pagina vengono trattati la privacy e cookies. Ricordiamo di prenderne visione come viene raccomandato dal GDPR.","breadcrumb":{"@id":"https:\/\/itatami.it\/privacy-cookies\/#breadcrumb"},"inLanguage":"fr-FR","potentialAction":[{"@type":"ReadAction","target":["https:\/\/itatami.it\/privacy-cookies\/"]}]},{"@type":"BreadcrumbList","@id":"https:\/\/itatami.it\/privacy-cookies\/#breadcrumb","itemListElement":[{"@type":"ListItem","position":1,"name":"Home","item":"https:\/\/itatami.it\/"},{"@type":"ListItem","position":2,"name":"Privacy e Cookies"}]},{"@type":"WebSite","@id":"https:\/\/itatami.it\/#website","url":"https:\/\/itatami.it\/","name":"iTatami","description":"Produttrice di tatami, materassi e tappeti per sport e Arti Marziali","publisher":{"@id":"https:\/\/itatami.it\/#organization"},"potentialAction":[{"@type":"SearchAction","target":{"@type":"EntryPoint","urlTemplate":"https:\/\/itatami.it\/?s={search_term_string}"},"query-input":{"@type":"PropertyValueSpecification","valueRequired":true,"valueName":"search_term_string"}}],"inLanguage":"fr-FR"},{"@type":"Organization","@id":"https:\/\/itatami.it\/#organization","name":"iTatami s.r.l.","url":"https:\/\/itatami.it\/","logo":{"@type":"ImageObject","inLanguage":"fr-FR","@id":"https:\/\/itatami.it\/#\/schema\/logo\/image\/","url":"https:\/\/itatami.it\/wp-content\/uploads\/2023\/12\/Progetto-senza-titolo-3.png","contentUrl":"https:\/\/itatami.it\/wp-content\/uploads\/2023\/12\/Progetto-senza-titolo-3.png","width":100,"height":100,"caption":"iTatami s.r.l."},"image":{"@id":"https:\/\/itatami.it\/#\/schema\/logo\/image\/"}}]}},"_links":{"self":[{"href":"https:\/\/itatami.it\/fr\/wp-json\/wp\/v2\/pages\/5903","targetHints":{"allow":["GET"]}}],"collection":[{"href":"https:\/\/itatami.it\/fr\/wp-json\/wp\/v2\/pages"}],"about":[{"href":"https:\/\/itatami.it\/fr\/wp-json\/wp\/v2\/types\/page"}],"author":[{"embeddable":true,"href":"https:\/\/itatami.it\/fr\/wp-json\/wp\/v2\/users\/1"}],"replies":[{"embeddable":true,"href":"https:\/\/itatami.it\/fr\/wp-json\/wp\/v2\/comments?post=5903"}],"version-history":[{"count":1,"href":"https:\/\/itatami.it\/fr\/wp-json\/wp\/v2\/pages\/5903\/revisions"}],"predecessor-version":[{"id":11851,"href":"https:\/\/itatami.it\/fr\/wp-json\/wp\/v2\/pages\/5903\/revisions\/11851"}],"wp:attachment":[{"href":"https:\/\/itatami.it\/fr\/wp-json\/wp\/v2\/media?parent=5903"}],"wp:term":[{"taxonomy":"prodotti","embeddable":true,"href":"https:\/\/itatami.it\/fr\/wp-json\/wp\/v2\/prodotti?post=5903"}],"curies":[{"name":"wp","href":"https:\/\/api.w.org\/{rel}","templated":true}]}}