{"id":5882,"date":"2023-11-20T10:26:01","date_gmt":"2023-11-20T10:26:01","guid":{"rendered":"https:\/\/www.itatami.it\/?page_id=5882"},"modified":"2023-12-11T16:18:32","modified_gmt":"2023-12-11T16:18:32","slug":"mappa-prodotti","status":"publish","type":"page","link":"https:\/\/itatami.it\/fr\/carte-produit\/","title":{"rendered":"Carte des produits"},"content":{"rendered":"<div data-elementor-type=\"wp-page\" data-elementor-id=\"5882\" class=\"elementor elementor-5882\" data-elementor-post-type=\"page\">\n\t\t\t\t\t\t<section class=\"elementor-section elementor-top-section elementor-element elementor-element-4dadb23 elementor-section-boxed elementor-section-height-default elementor-section-height-default\" data-id=\"4dadb23\" data-element_type=\"section\" data-e-type=\"section\" data-settings=\"{&quot;wdt_bg_image&quot;:{&quot;url&quot;:&quot;&quot;,&quot;id&quot;:&quot;&quot;,&quot;size&quot;:&quot;&quot;},&quot;wdt_bg_image_widescreen&quot;:{&quot;url&quot;:&quot;&quot;,&quot;id&quot;:&quot;&quot;,&quot;size&quot;:&quot;&quot;},&quot;wdt_bg_image_laptop&quot;:{&quot;url&quot;:&quot;&quot;,&quot;id&quot;:&quot;&quot;,&quot;size&quot;:&quot;&quot;},&quot;wdt_bg_image_tablet_extra&quot;:{&quot;url&quot;:&quot;&quot;,&quot;id&quot;:&quot;&quot;,&quot;size&quot;:&quot;&quot;},&quot;wdt_bg_image_tablet&quot;:{&quot;url&quot;:&quot;&quot;,&quot;id&quot;:&quot;&quot;,&quot;size&quot;:&quot;&quot;},&quot;wdt_bg_image_mobile_extra&quot;:{&quot;url&quot;:&quot;&quot;,&quot;id&quot;:&quot;&quot;,&quot;size&quot;:&quot;&quot;},&quot;wdt_bg_image_mobile&quot;:{&quot;url&quot;:&quot;&quot;,&quot;id&quot;:&quot;&quot;,&quot;size&quot;:&quot;&quot;},&quot;wdt_bg_position&quot;:&quot;center center&quot;,&quot;wdt_animation_effect&quot;:&quot;none&quot;}\">\n\t\t\t\t\t\t<div class=\"elementor-container elementor-column-gap-default\">\n\t\t\t\t\t<div class=\"elementor-column elementor-col-100 elementor-top-column elementor-element elementor-element-588d16c\" data-id=\"588d16c\" data-element_type=\"column\" data-e-type=\"column\">\n\t\t\t<div class=\"elementor-widget-wrap elementor-element-populated\">\n\t\t\t\t\t\t<div class=\"elementor-element elementor-element-f5e1090 elementor-widget elementor-widget-heading\" data-id=\"f5e1090\" data-element_type=\"widget\" data-e-type=\"widget\" data-settings=\"{&quot;wdt_animation_effect&quot;:&quot;none&quot;}\" data-widget_type=\"heading.default\">\n\t\t\t\t<div class=\"elementor-widget-container\">\n\t\t\t\t\t<h2 class=\"elementor-heading-title elementor-size-default\">liste des produits : tous les produits iTatami<\/h2>\t\t\t\t<\/div>\n\t\t\t\t<\/div>\n\t\t\t\t\t<\/div>\n\t\t<\/div>\n\t\t\t\t\t<\/div>\n\t\t<\/section>\n\t\t\t\t<section class=\"elementor-section elementor-top-section elementor-element elementor-element-9e5d241 elementor-section-boxed elementor-section-height-default elementor-section-height-default\" data-id=\"9e5d241\" data-element_type=\"section\" data-e-type=\"section\" data-settings=\"{&quot;wdt_bg_image&quot;:{&quot;url&quot;:&quot;&quot;,&quot;id&quot;:&quot;&quot;,&quot;size&quot;:&quot;&quot;},&quot;wdt_bg_image_widescreen&quot;:{&quot;url&quot;:&quot;&quot;,&quot;id&quot;:&quot;&quot;,&quot;size&quot;:&quot;&quot;},&quot;wdt_bg_image_laptop&quot;:{&quot;url&quot;:&quot;&quot;,&quot;id&quot;:&quot;&quot;,&quot;size&quot;:&quot;&quot;},&quot;wdt_bg_image_tablet_extra&quot;:{&quot;url&quot;:&quot;&quot;,&quot;id&quot;:&quot;&quot;,&quot;size&quot;:&quot;&quot;},&quot;wdt_bg_image_tablet&quot;:{&quot;url&quot;:&quot;&quot;,&quot;id&quot;:&quot;&quot;,&quot;size&quot;:&quot;&quot;},&quot;wdt_bg_image_mobile_extra&quot;:{&quot;url&quot;:&quot;&quot;,&quot;id&quot;:&quot;&quot;,&quot;size&quot;:&quot;&quot;},&quot;wdt_bg_image_mobile&quot;:{&quot;url&quot;:&quot;&quot;,&quot;id&quot;:&quot;&quot;,&quot;size&quot;:&quot;&quot;},&quot;wdt_bg_position&quot;:&quot;center center&quot;,&quot;wdt_animation_effect&quot;:&quot;none&quot;}\">\n\t\t\t\t\t\t<div class=\"elementor-container elementor-column-gap-default\">\n\t\t\t\t\t<div class=\"elementor-column elementor-col-100 elementor-top-column elementor-element elementor-element-787a2de\" data-id=\"787a2de\" data-element_type=\"column\" data-e-type=\"column\">\n\t\t\t<div class=\"elementor-widget-wrap elementor-element-populated\">\n\t\t\t\t\t\t<div class=\"elementor-element elementor-element-6ae41ee link elementor-widget elementor-widget-text-editor\" data-id=\"6ae41ee\" data-element_type=\"widget\" data-e-type=\"widget\" data-settings=\"{&quot;wdt_animation_effect&quot;:&quot;none&quot;}\" data-widget_type=\"text-editor.default\">\n\t\t\t\t<div class=\"elementor-widget-container\">\n\t\t\t\t\t\t\t\t\t<p><a href=\"https:\/\/itatami.it\/fr\/catalogo-prodotti\/area-lotta-completa\/\">Zone de combat compl\u00e8te<\/a><\/p><p><a href=\"https:\/\/itatami.it\/fr\/catalogo-prodotti\/box-m-polimetrico\/\">Box-M Pliom\u00e9trique<\/a><\/p><p><a href=\"https:\/\/itatami.it\/fr\/catalogo-prodotti\/corsie-corpo-libero\/\">Voies corporelles libres<\/a><\/p><p><a href=\"https:\/\/itatami.it\/fr\/catalogo-prodotti\/cubone-young\/\">Cubone Jeune<\/a><\/p><p><a href=\"https:\/\/itatami.it\/fr\/catalogo-prodotti\/fit-boxe-btech-light\/\">Fit Boxe Btech Lumi\u00e8re<\/a><\/p><p><a href=\"https:\/\/itatami.it\/fr\/catalogo-prodotti\/fit-boxe-btech-evo\/\">Fit Boxe Btech Evo<\/a><\/p><p><a href=\"https:\/\/itatami.it\/fr\/catalogo-prodotti\/fit-boxe-btech-pro\/\">Fit Boxe Btech Pro<\/a><\/p><p><a href=\"https:\/\/itatami.it\/fr\/catalogo-prodotti\/mat-allenamento-trave\/\">Tapis d&#039;entra\u00eenement \u00e0 poutre<\/a><\/p><p><a href=\"https:\/\/itatami.it\/fr\/catalogo-prodotti\/mat-easy\/\">Tapis Facile<\/a><\/p><p><a href=\"https:\/\/itatami.it\/fr\/catalogo-prodotti\/mat-gold\/\">Mat Gold<\/a><\/p><p><a href=\"https:\/\/itatami.it\/fr\/catalogo-prodotti\/mat-protezione-trave\/\">Tapis de protection de poutre<\/a><\/p><p><a href=\"https:\/\/itatami.it\/fr\/catalogo-prodotti\/mat-test-pro\/\">Test de tapis Pro<\/a><\/p><p><a href=\"https:\/\/itatami.it\/fr\/catalogo-prodotti\/mat-top\/\">Dessus de tapis<\/a><\/p><p><a href=\"https:\/\/itatami.it\/fr\/catalogo-prodotti\/mat-young\/\">Matt Jeune<\/a><\/p><p><a href=\"https:\/\/itatami.it\/fr\/catalogo-prodotti\/pavimentazione-pieghevole\/\">Plancher pliant<\/a><\/p><p><a href=\"https:\/\/itatami.it\/fr\/catalogo-prodotti\/protezioni-pv-basic\/\">Protections PV-Basiques<\/a><\/p><p><a href=\"https:\/\/itatami.it\/fr\/catalogo-prodotti\/protezioni-volley-pv-pro\/\">Protections PV-PRO Volleyball<\/a><\/p><p><a href=\"https:\/\/itatami.it\/fr\/catalogo-prodotti\/rivestimento-trave\/\">Rev\u00eatement de poutre<\/a><\/p><p><a href=\"https:\/\/itatami.it\/fr\/catalogo-prodotti\/ruota-truck\/\">Roue de camion<\/a><\/p><p><a href=\"https:\/\/itatami.it\/fr\/catalogo-prodotti\/sacco-boxe-band\/\">Bande de sac de boxe<\/a><\/p><p><a href=\"https:\/\/itatami.it\/fr\/catalogo-prodotti\/sacco-boxe-plain\/\">Sac de boxe uni<\/a><\/p><p><a href=\"https:\/\/itatami.it\/fr\/catalogo-prodotti\/sacco-boxe-plain-xl\/\">Sac de frappe XL uni<\/a><\/p><p><a href=\"https:\/\/itatami.it\/fr\/catalogo-prodotti\/step-palestra\/\">Step Gym\/fitness<\/a><\/p><p><a href=\"https:\/\/itatami.it\/fr\/catalogo-prodotti\/tappetino-yoga\/\">Tapis de yoga<\/a><\/p><p><a href=\"https:\/\/itatami.it\/fr\/catalogo-prodotti\/tappeto-ginnastica\/\">Tapis de gymnastique<\/a><\/p><p><a href=\"https:\/\/itatami.it\/fr\/catalogo-prodotti\/tatami-pleat-up-classic\/\">Tatami Pliss\u00e9 Classique<\/a><\/p><p><a href=\"https:\/\/itatami.it\/fr\/catalogo-prodotti\/tatami-pleat-up-modular\/\">Tatami Pliss\u00e9 Modulaire<\/a><\/p><p><a href=\"https:\/\/itatami.it\/fr\/catalogo-prodotti\/traditional-tatami\/\">Tatami traditionnel<\/a><\/p><p><a href=\"https:\/\/itatami.it\/fr\/catalogo-prodotti\/zero-pedana-propriocettiva\/\">Plateforme Z\u00e9ro Proprioceptive<\/a><\/p>\t\t\t\t\t\t\t\t<\/div>\n\t\t\t\t<\/div>\n\t\t\t\t\t<\/div>\n\t\t<\/div>\n\t\t\t\t\t<\/div>\n\t\t<\/section>\n\t\t\t\t<\/div>","protected":false},"excerpt":{"rendered":"<p>Carte des produits : tous les produits iTatami Zone de combat compl\u00e8te Box-M Plyometric Lanes Free Body Cubone Young Fit Boxing Btech Light Fit Boxing Btech Evo Fit Boxing Btech Pro Tapis d&#039;entra\u00eenement Tapis de poutre Easy Mat Gold Mat Tapis de protection de poutre Tapis Test Pro Top Mat Young Rev\u00eatement de sol pliable PV-Basic Protections PV-PRO Volleyball Protections Rev\u00eatement de poutre [\u2026]<\/p>","protected":false},"author":1,"featured_media":0,"parent":0,"menu_order":0,"comment_status":"closed","ping_status":"closed","template":"","meta":{"_acf_changed":false,"footnotes":""},"prodotti":[],"class_list":["post-5882","page","type-page","status-publish","hentry"],"acf":[],"yoast_head":"<!-- This site is optimized with the Yoast SEO plugin v27.2 - https:\/\/yoast.com\/product\/yoast-seo-wordpress\/ -->\n<title>Mappa prodotti - iTatami<\/title>\n<meta name=\"description\" content=\"L&#039;elenco di prodotti che produciamo e forniamo a portata di click. Tutti i nostri prodotti sono 100% made in italy. Garanzia per 5 anni.\" \/>\n<meta name=\"robots\" content=\"index, follow, max-snippet:-1, max-image-preview:large, max-video-preview:-1\" \/>\n<link rel=\"canonical\" href=\"https:\/\/itatami.it\/fr\/carte-produit\/\" \/>\n<meta property=\"og:locale\" content=\"fr_FR\" \/>\n<meta property=\"og:type\" content=\"article\" \/>\n<meta property=\"og:title\" content=\"Mappa prodotti - iTatami\" \/>\n<meta property=\"og:description\" content=\"L&#039;elenco di prodotti che produciamo e forniamo a portata di click. Tutti i nostri prodotti sono 100% made in italy. Garanzia per 5 anni.\" \/>\n<meta property=\"og:url\" content=\"https:\/\/itatami.it\/fr\/carte-produit\/\" \/>\n<meta property=\"og:site_name\" content=\"iTatami\" \/>\n<meta property=\"article:modified_time\" content=\"2023-12-11T16:18:32+00:00\" \/>\n<meta property=\"og:image\" content=\"https:\/\/itatami.it\/wp-content\/uploads\/2023\/12\/Immagine-del-sito-iTatami.png\" \/>\n\t<meta property=\"og:image:width\" content=\"1200\" \/>\n\t<meta property=\"og:image:height\" content=\"675\" \/>\n\t<meta property=\"og:image:type\" content=\"image\/png\" \/>\n<meta name=\"twitter:card\" content=\"summary_large_image\" \/>\n<meta name=\"twitter:label1\" content=\"Dur\u00e9e de lecture estim\u00e9e\" \/>\n\t<meta name=\"twitter:data1\" content=\"1 minute\" \/>\n<script type=\"application\/ld+json\" class=\"yoast-schema-graph\">{\"@context\":\"https:\/\/schema.org\",\"@graph\":[{\"@type\":\"WebPage\",\"@id\":\"https:\/\/itatami.it\/mappa-prodotti\/\",\"url\":\"https:\/\/itatami.it\/mappa-prodotti\/\",\"name\":\"Mappa prodotti - iTatami\",\"isPartOf\":{\"@id\":\"https:\/\/itatami.it\/#website\"},\"datePublished\":\"2023-11-20T10:26:01+00:00\",\"dateModified\":\"2023-12-11T16:18:32+00:00\",\"description\":\"L'elenco di prodotti che produciamo e forniamo a portata di click. Tutti i nostri prodotti sono 100% made in italy. Garanzia per 5 anni.\",\"breadcrumb\":{\"@id\":\"https:\/\/itatami.it\/mappa-prodotti\/#breadcrumb\"},\"inLanguage\":\"fr-FR\",\"potentialAction\":[{\"@type\":\"ReadAction\",\"target\":[\"https:\/\/itatami.it\/mappa-prodotti\/\"]}]},{\"@type\":\"BreadcrumbList\",\"@id\":\"https:\/\/itatami.it\/mappa-prodotti\/#breadcrumb\",\"itemListElement\":[{\"@type\":\"ListItem\",\"position\":1,\"name\":\"Home\",\"item\":\"https:\/\/itatami.it\/\"},{\"@type\":\"ListItem\",\"position\":2,\"name\":\"Mappa prodotti\"}]},{\"@type\":\"WebSite\",\"@id\":\"https:\/\/itatami.it\/#website\",\"url\":\"https:\/\/itatami.it\/\",\"name\":\"iTatami\",\"description\":\"Produttrice di tatami, materassi e tappeti per sport e Arti Marziali\",\"publisher\":{\"@id\":\"https:\/\/itatami.it\/#organization\"},\"potentialAction\":[{\"@type\":\"SearchAction\",\"target\":{\"@type\":\"EntryPoint\",\"urlTemplate\":\"https:\/\/itatami.it\/?s={search_term_string}\"},\"query-input\":{\"@type\":\"PropertyValueSpecification\",\"valueRequired\":true,\"valueName\":\"search_term_string\"}}],\"inLanguage\":\"fr-FR\"},{\"@type\":\"Organization\",\"@id\":\"https:\/\/itatami.it\/#organization\",\"name\":\"iTatami s.r.l.\",\"url\":\"https:\/\/itatami.it\/\",\"logo\":{\"@type\":\"ImageObject\",\"inLanguage\":\"fr-FR\",\"@id\":\"https:\/\/itatami.it\/#\/schema\/logo\/image\/\",\"url\":\"https:\/\/itatami.it\/wp-content\/uploads\/2023\/12\/Progetto-senza-titolo-3.png\",\"contentUrl\":\"https:\/\/itatami.it\/wp-content\/uploads\/2023\/12\/Progetto-senza-titolo-3.png\",\"width\":100,\"height\":100,\"caption\":\"iTatami s.r.l.\"},\"image\":{\"@id\":\"https:\/\/itatami.it\/#\/schema\/logo\/image\/\"}}]}<\/script>\n<!-- \/ Yoast SEO plugin. -->","yoast_head_json":{"title":"Mappa prodotti - iTatami","description":"L'elenco di prodotti che produciamo e forniamo a portata di click. Tutti i nostri prodotti sono 100% made in italy. Garanzia per 5 anni.","robots":{"index":"index","follow":"follow","max-snippet":"max-snippet:-1","max-image-preview":"max-image-preview:large","max-video-preview":"max-video-preview:-1"},"canonical":"https:\/\/itatami.it\/fr\/carte-produit\/","og_locale":"fr_FR","og_type":"article","og_title":"Mappa prodotti - iTatami","og_description":"L'elenco di prodotti che produciamo e forniamo a portata di click. Tutti i nostri prodotti sono 100% made in italy. Garanzia per 5 anni.","og_url":"https:\/\/itatami.it\/fr\/carte-produit\/","og_site_name":"iTatami","article_modified_time":"2023-12-11T16:18:32+00:00","og_image":[{"width":1200,"height":675,"url":"https:\/\/itatami.it\/wp-content\/uploads\/2023\/12\/Immagine-del-sito-iTatami.png","type":"image\/png"}],"twitter_card":"summary_large_image","twitter_misc":{"Dur\u00e9e de lecture estim\u00e9e":"1 minute"},"schema":{"@context":"https:\/\/schema.org","@graph":[{"@type":"WebPage","@id":"https:\/\/itatami.it\/mappa-prodotti\/","url":"https:\/\/itatami.it\/mappa-prodotti\/","name":"Mappa prodotti - iTatami","isPartOf":{"@id":"https:\/\/itatami.it\/#website"},"datePublished":"2023-11-20T10:26:01+00:00","dateModified":"2023-12-11T16:18:32+00:00","description":"L'elenco di prodotti che produciamo e forniamo a portata di click. Tutti i nostri prodotti sono 100% made in italy. Garanzia per 5 anni.","breadcrumb":{"@id":"https:\/\/itatami.it\/mappa-prodotti\/#breadcrumb"},"inLanguage":"fr-FR","potentialAction":[{"@type":"ReadAction","target":["https:\/\/itatami.it\/mappa-prodotti\/"]}]},{"@type":"BreadcrumbList","@id":"https:\/\/itatami.it\/mappa-prodotti\/#breadcrumb","itemListElement":[{"@type":"ListItem","position":1,"name":"Home","item":"https:\/\/itatami.it\/"},{"@type":"ListItem","position":2,"name":"Mappa prodotti"}]},{"@type":"WebSite","@id":"https:\/\/itatami.it\/#website","url":"https:\/\/itatami.it\/","name":"iTatami","description":"Produttrice di tatami, materassi e tappeti per sport e Arti Marziali","publisher":{"@id":"https:\/\/itatami.it\/#organization"},"potentialAction":[{"@type":"SearchAction","target":{"@type":"EntryPoint","urlTemplate":"https:\/\/itatami.it\/?s={search_term_string}"},"query-input":{"@type":"PropertyValueSpecification","valueRequired":true,"valueName":"search_term_string"}}],"inLanguage":"fr-FR"},{"@type":"Organization","@id":"https:\/\/itatami.it\/#organization","name":"iTatami s.r.l.","url":"https:\/\/itatami.it\/","logo":{"@type":"ImageObject","inLanguage":"fr-FR","@id":"https:\/\/itatami.it\/#\/schema\/logo\/image\/","url":"https:\/\/itatami.it\/wp-content\/uploads\/2023\/12\/Progetto-senza-titolo-3.png","contentUrl":"https:\/\/itatami.it\/wp-content\/uploads\/2023\/12\/Progetto-senza-titolo-3.png","width":100,"height":100,"caption":"iTatami s.r.l."},"image":{"@id":"https:\/\/itatami.it\/#\/schema\/logo\/image\/"}}]}},"_links":{"self":[{"href":"https:\/\/itatami.it\/fr\/wp-json\/wp\/v2\/pages\/5882","targetHints":{"allow":["GET"]}}],"collection":[{"href":"https:\/\/itatami.it\/fr\/wp-json\/wp\/v2\/pages"}],"about":[{"href":"https:\/\/itatami.it\/fr\/wp-json\/wp\/v2\/types\/page"}],"author":[{"embeddable":true,"href":"https:\/\/itatami.it\/fr\/wp-json\/wp\/v2\/users\/1"}],"replies":[{"embeddable":true,"href":"https:\/\/itatami.it\/fr\/wp-json\/wp\/v2\/comments?post=5882"}],"version-history":[{"count":0,"href":"https:\/\/itatami.it\/fr\/wp-json\/wp\/v2\/pages\/5882\/revisions"}],"wp:attachment":[{"href":"https:\/\/itatami.it\/fr\/wp-json\/wp\/v2\/media?parent=5882"}],"wp:term":[{"taxonomy":"prodotti","embeddable":true,"href":"https:\/\/itatami.it\/fr\/wp-json\/wp\/v2\/prodotti?post=5882"}],"curies":[{"name":"wp","href":"https:\/\/api.w.org\/{rel}","templated":true}]}}